{"id":494,"date":"2026-02-22T09:30:17","date_gmt":"2026-02-22T09:30:17","guid":{"rendered":"https:\/\/www.jamonespascual.com\/blog\/?page_id=494"},"modified":"2026-02-22T10:23:39","modified_gmt":"2026-02-22T10:23:39","slug":"informacion-de-charcuterias-pascual","status":"publish","type":"page","link":"https:\/\/www.jamonespascual.com\/blog\/informacion-de-charcuterias-pascual\/","title":{"rendered":"Informaci\u00f3n de Charcuter\u00edas Pascual"},"content":{"rendered":"\n<blockquote class=\"wp-block-quote is-layout-flow wp-block-quote-is-layout-flow\">\n<p>Charcuter\u00edas Pascual contin\u00faa su actividad especializada en jam\u00f3n ib\u00e9rico y selecci\u00f3n gourmet en Zaragoza. En esta p\u00e1gina reunimos todos nuestros datos oficiales, dominios, redes sociales y canales digitales activos.<\/p>\n\n\n\n<figure class=\"wp-block-image size-large\"><a href=\"https:\/\/www.jamonespascual.com\/blog\/wp-content\/uploads\/2026\/02\/tradicion-Pasion-e-Innovacion-1.png\"><img loading=\"lazy\" decoding=\"async\" width=\"1024\" height=\"683\" src=\"https:\/\/www.jamonespascual.com\/blog\/wp-content\/uploads\/2026\/02\/tradicion-Pasion-e-Innovacion-1-1024x683.png\" alt=\"\" class=\"wp-image-495\" srcset=\"https:\/\/www.jamonespascual.com\/blog\/wp-content\/uploads\/2026\/02\/tradicion-Pasion-e-Innovacion-1-1024x683.png 1024w, https:\/\/www.jamonespascual.com\/blog\/wp-content\/uploads\/2026\/02\/tradicion-Pasion-e-Innovacion-1-300x200.png 300w, https:\/\/www.jamonespascual.com\/blog\/wp-content\/uploads\/2026\/02\/tradicion-Pasion-e-Innovacion-1-768x512.png 768w, https:\/\/www.jamonespascual.com\/blog\/wp-content\/uploads\/2026\/02\/tradicion-Pasion-e-Innovacion-1.png 1536w\" sizes=\"auto, (max-width: 1024px) 100vw, 1024px\" \/><\/a><\/figure>\n<\/blockquote>\n\n\n\n<h2 class=\"wp-block-heading\">Datos de contacto<\/h2>\n\n\n\n<h3 class=\"wp-block-heading\">Charcuter\u00edas Pascual<\/h3>\n\n\n\n<p>Miguel Servet 87 \u00b7 Zaragoza<\/p>\n\n\n\n<p>Tel\u00e9fono fijo: 976 41 47 18<br>M\u00f3vil \/ WhatsApp: 675 82 23 60<\/p>\n\n\n\n<p>Correo electr\u00f3nico:<br><a>charcuteriaspascual@gmail.com<\/a><\/p>\n\n\n\n<p>Web oficial:<br><a href=\"https:\/\/www.jamonespascual.com\">https:\/\/www.jamonespascual.com<\/a><\/p>\n\n\n\n<p><\/p>\n\n\n\n<p><\/p>\n\n\n\n<h2 class=\"wp-block-heading\">Dominios oficiales<\/h2>\n\n\n\n<p>Web principal:<br><a href=\"https:\/\/www.jamonespascual.com\">https:\/\/www.jamonespascual.com<\/a><\/p>\n\n\n\n<p>Dominios asociados:<br><a href=\"http:\/\/www.jamonespascual.es\">www.jamonespascual.es<\/a><br><a href=\"http:\/\/www.charcuteriaspascual.es\">www.charcuteriaspascual.es<\/a><br><a href=\"http:\/\/www.charcuteriaspascual.com\">www.charcuteriaspascual.com<\/a><\/p>\n\n\n\n<p>Proyecto vinculado:<br><a href=\"https:\/\/bandejasgourmet.com\/\">https:\/\/bandejasgourmet.com\/<\/a><\/p>\n\n\n\n<h2 class=\"wp-block-heading\">Canales digitales activos<\/h2>\n\n\n\n<h2 class=\"wp-block-heading\">Redes sociales oficiales<\/h2>\n\n\n\n<p>youtube: <a href=\"https:\/\/www.youtube.com\/@carmenpascualcortes9039\">https:\/\/www.youtube.com\/@carmenpascualcortes9039<\/a><\/p>\n\n\n\n<p>pinterest: <a href=\"https:\/\/es.pinterest.com\/SomaenJP\/\">https:\/\/es.pinterest.com\/SomaenJP\/<\/a><\/p>\n\n\n\n<p>tictok: <a href=\"https:\/\/www.tiktok.com\/@charcuteriaspascu\">https:\/\/www.tiktok.com\/@charcuteriaspascu<\/a><\/p>\n\n\n\n<p>facebook : <a href=\"https:\/\/www.facebook.com\/profile.php?id=100004477338953\">https:\/\/www.facebook.com\/profile.php?id=100004477338953<\/a><\/p>\n\n\n\n<p>facebook: <a href=\"https:\/\/www.facebook.com\/JamonesPascual\/\">https:\/\/www.facebook.com\/JamonesPascual\/<\/a><\/p>\n\n\n\n<p>facebook: <a href=\"https:\/\/www.facebook.com\/charcuteriasPascual\/\">https:\/\/www.facebook.com\/charcuteriasPascual\/<\/a><\/p>\n\n\n\n<p>facebook: <a href=\"https:\/\/www.facebook.com\/BandejasGourmet\/\">https:\/\/www.facebook.com\/BandejasGourmet\/<\/a><\/p>\n\n\n\n<p>Instagram: <a href=\"https:\/\/www.instagram.com\/charcuteriaspascual5324\">https:\/\/www.instagram.com\/charcuteriaspascual5324<\/a><\/p>\n\n\n\n<p>Instagram: <a href=\"https:\/\/www.instagram.com\/pascualcharcuterias\/\">https:\/\/www.instagram.com\/pascualcharcuterias\/<\/a><\/p>\n\n\n\n<p>X (Twitter): <a href=\"https:\/\/x.com\/JamonesPascual\">https:\/\/x.com\/JamonesPascual<\/a> <\/p>\n\n\n\n<p>Flickr: <a href=\"https:\/\/www.flickr.com\/people\/187582394@N06\/\">https:\/\/www.flickr.com\/people\/187582394@N06\/<\/a><\/p>\n\n\n\n<p>Tumblr:<a href=\" https:\/\/www.tumblr.com\/charcuteriaspascual\"> https:\/\/www.tumblr.com\/charcuteriaspascual<\/a><br><\/p>\n\n\n\n<p>Durante m\u00e1s de cuatro d\u00e9cadas, Charcuter\u00edas Pascual ha formado parte de la tradici\u00f3n gastron\u00f3mica de Zaragoza. Hoy continuamos nuestra evoluci\u00f3n digital manteniendo la excelencia en el producto y la cercan\u00eda en el servicio.<\/p>\n","protected":false},"excerpt":{"rendered":"<p>Datos de contacto Charcuter\u00edas Pascual Miguel Servet 87 \u00b7 Zaragoza Tel\u00e9fono fijo: 976 41 47 18M\u00f3vil \/ WhatsApp: 675 82 23 60 Correo electr\u00f3nico:charcuteriaspascual@gmail.com Web oficial:https:\/\/www.jamonespascual.com Dominios oficiales Web principal:https:\/\/www.jamonespascual.com Dominios asociados:www.jamonespascual.eswww.charcuteriaspascual.eswww.charcuteriaspascual.com Proyecto vinculado:https:\/\/bandejasgourmet.com\/ Canales digitales activos Redes sociales oficiales youtube: https:\/\/www.youtube.com\/@carmenpascualcortes9039 pinterest: https:\/\/es.pinterest.com\/SomaenJP\/ tictok: https:\/\/www.tiktok.com\/@charcuteriaspascu facebook : https:\/\/www.facebook.com\/profile.php?id=100004477338953 facebook: https:\/\/www.facebook.com\/JamonesPascual\/ facebook: https:\/\/www.facebook.com\/charcuteriasPascual\/ facebook: https:\/\/www.facebook.com\/BandejasGourmet\/ [&hellip;]<\/p>\n","protected":false},"author":1,"featured_media":0,"parent":0,"menu_order":0,"comment_status":"closed","ping_status":"closed","template":"","meta":{"site-sidebar-layout":"default","site-content-layout":"","ast-site-content-layout":"default","site-content-style":"default","site-sidebar-style":"default","ast-global-header-display":"","ast-banner-title-visibility":"","ast-main-header-display":"","ast-hfb-above-header-display":"","ast-hfb-below-header-display":"","ast-hfb-mobile-header-display":"","site-post-title":"","ast-breadcrumbs-content":"","ast-featured-img":"","footer-sml-layout":"","ast-disable-related-posts":"","theme-transparent-header-meta":"","adv-header-id-meta":"","stick-header-meta":"","header-above-stick-meta":"","header-main-stick-meta":"","header-below-stick-meta":"","astra-migrate-meta-layouts":"default","ast-page-background-enabled":"default","ast-page-background-meta":{"desktop":{"background-color":"var(--ast-global-color-5)","background-image":"","background-repeat":"repeat","background-position":"center center","background-size":"auto","background-attachment":"scroll","background-type":"","background-media":"","overlay-type":"","overlay-color":"","overlay-opacity":"","overlay-gradient":""},"tablet":{"background-color":"","background-image":"","background-repeat":"repeat","background-position":"center center","background-size":"auto","background-attachment":"scroll","background-type":"","background-media":"","overlay-type":"","overlay-color":"","overlay-opacity":"","overlay-gradient":""},"mobile":{"background-color":"","background-image":"","background-repeat":"repeat","background-position":"center center","background-size":"auto","background-attachment":"scroll","background-type":"","background-media":"","overlay-type":"","overlay-color":"","overlay-opacity":"","overlay-gradient":""}},"ast-content-background-meta":{"desktop":{"background-color":"var(--ast-global-color-4)","background-image":"","background-repeat":"repeat","background-position":"center center","background-size":"auto","background-attachment":"scroll","background-type":"","background-media":"","overlay-type":"","overlay-color":"","overlay-opacity":"","overlay-gradient":""},"tablet":{"background-color":"var(--ast-global-color-4)","background-image":"","background-repeat":"repeat","background-position":"center center","background-size":"auto","background-attachment":"scroll","background-type":"","background-media":"","overlay-type":"","overlay-color":"","overlay-opacity":"","overlay-gradient":""},"mobile":{"background-color":"var(--ast-global-color-4)","background-image":"","background-repeat":"repeat","background-position":"center center","background-size":"auto","background-attachment":"scroll","background-type":"","background-media":"","overlay-type":"","overlay-color":"","overlay-opacity":"","overlay-gradient":""}},"footnotes":""},"class_list":["post-494","page","type-page","status-publish","hentry"],"yoast_head":"<!-- This site is optimized with the Yoast SEO plugin v27.4 - https:\/\/yoast.com\/product\/yoast-seo-wordpress\/ -->\n<title>Informaci\u00f3n de Charcuter\u00edas Pascual - Blog de Charcuterias Pascual<\/title>\n<meta name=\"robots\" content=\"index, follow, max-snippet:-1, max-image-preview:large, max-video-preview:-1\" \/>\n<link rel=\"canonical\" href=\"https:\/\/www.jamonespascual.com\/blog\/informacion-de-charcuterias-pascual\/\" \/>\n<meta property=\"og:locale\" content=\"es_ES\" \/>\n<meta property=\"og:type\" content=\"article\" \/>\n<meta property=\"og:title\" content=\"Informaci\u00f3n de Charcuter\u00edas Pascual - Blog de Charcuterias Pascual\" \/>\n<meta property=\"og:description\" content=\"Datos de contacto Charcuter\u00edas Pascual Miguel Servet 87 \u00b7 Zaragoza Tel\u00e9fono fijo: 976 41 47 18M\u00f3vil \/ WhatsApp: 675 82 23 60 Correo electr\u00f3nico:charcuteriaspascual@gmail.com Web oficial:https:\/\/www.jamonespascual.com Dominios oficiales Web principal:https:\/\/www.jamonespascual.com Dominios asociados:www.jamonespascual.eswww.charcuteriaspascual.eswww.charcuteriaspascual.com Proyecto vinculado:https:\/\/bandejasgourmet.com\/ Canales digitales activos Redes sociales oficiales youtube: https:\/\/www.youtube.com\/@carmenpascualcortes9039 pinterest: https:\/\/es.pinterest.com\/SomaenJP\/ tictok: https:\/\/www.tiktok.com\/@charcuteriaspascu facebook : https:\/\/www.facebook.com\/profile.php?id=100004477338953 facebook: https:\/\/www.facebook.com\/JamonesPascual\/ facebook: https:\/\/www.facebook.com\/charcuteriasPascual\/ facebook: https:\/\/www.facebook.com\/BandejasGourmet\/ [&hellip;]\" \/>\n<meta property=\"og:url\" content=\"https:\/\/www.jamonespascual.com\/blog\/informacion-de-charcuterias-pascual\/\" \/>\n<meta property=\"og:site_name\" content=\"Blog de Charcuterias Pascual\" \/>\n<meta property=\"article:publisher\" content=\"https:\/\/www.facebook.com\/JamonesPascual\/\" \/>\n<meta property=\"article:modified_time\" content=\"2026-02-22T10:23:39+00:00\" \/>\n<meta property=\"og:image\" content=\"https:\/\/www.jamonespascual.com\/blog\/wp-content\/uploads\/2026\/02\/tradicion-Pasion-e-Innovacion-1-1024x683.png\" \/>\n<meta name=\"twitter:card\" content=\"summary_large_image\" \/>\n<meta name=\"twitter:site\" content=\"@JamonesPascual\" \/>\n<meta name=\"twitter:label1\" content=\"Tiempo de lectura\" \/>\n\t<meta name=\"twitter:data1\" content=\"1 minuto\" \/>\n<script type=\"application\/ld+json\" class=\"yoast-schema-graph\">{\"@context\":\"https:\\\/\\\/schema.org\",\"@graph\":[{\"@type\":\"WebPage\",\"@id\":\"https:\\\/\\\/www.jamonespascual.com\\\/blog\\\/informacion-de-charcuterias-pascual\\\/\",\"url\":\"https:\\\/\\\/www.jamonespascual.com\\\/blog\\\/informacion-de-charcuterias-pascual\\\/\",\"name\":\"Informaci\u00f3n de Charcuter\u00edas Pascual - Blog de Charcuterias Pascual\",\"isPartOf\":{\"@id\":\"https:\\\/\\\/www.jamonespascual.com\\\/blog\\\/#website\"},\"primaryImageOfPage\":{\"@id\":\"https:\\\/\\\/www.jamonespascual.com\\\/blog\\\/informacion-de-charcuterias-pascual\\\/#primaryimage\"},\"image\":{\"@id\":\"https:\\\/\\\/www.jamonespascual.com\\\/blog\\\/informacion-de-charcuterias-pascual\\\/#primaryimage\"},\"thumbnailUrl\":\"https:\\\/\\\/www.jamonespascual.com\\\/blog\\\/wp-content\\\/uploads\\\/2026\\\/02\\\/tradicion-Pasion-e-Innovacion-1-1024x683.png\",\"datePublished\":\"2026-02-22T09:30:17+00:00\",\"dateModified\":\"2026-02-22T10:23:39+00:00\",\"breadcrumb\":{\"@id\":\"https:\\\/\\\/www.jamonespascual.com\\\/blog\\\/informacion-de-charcuterias-pascual\\\/#breadcrumb\"},\"inLanguage\":\"es\",\"potentialAction\":[{\"@type\":\"ReadAction\",\"target\":[\"https:\\\/\\\/www.jamonespascual.com\\\/blog\\\/informacion-de-charcuterias-pascual\\\/\"]}]},{\"@type\":\"ImageObject\",\"inLanguage\":\"es\",\"@id\":\"https:\\\/\\\/www.jamonespascual.com\\\/blog\\\/informacion-de-charcuterias-pascual\\\/#primaryimage\",\"url\":\"https:\\\/\\\/www.jamonespascual.com\\\/blog\\\/wp-content\\\/uploads\\\/2026\\\/02\\\/tradicion-Pasion-e-Innovacion-1.png\",\"contentUrl\":\"https:\\\/\\\/www.jamonespascual.com\\\/blog\\\/wp-content\\\/uploads\\\/2026\\\/02\\\/tradicion-Pasion-e-Innovacion-1.png\",\"width\":1536,\"height\":1024},{\"@type\":\"BreadcrumbList\",\"@id\":\"https:\\\/\\\/www.jamonespascual.com\\\/blog\\\/informacion-de-charcuterias-pascual\\\/#breadcrumb\",\"itemListElement\":[{\"@type\":\"ListItem\",\"position\":1,\"name\":\"Portada\",\"item\":\"https:\\\/\\\/www.jamonespascual.com\\\/blog\\\/\"},{\"@type\":\"ListItem\",\"position\":2,\"name\":\"Informaci\u00f3n de Charcuter\u00edas Pascual\"}]},{\"@type\":\"WebSite\",\"@id\":\"https:\\\/\\\/www.jamonespascual.com\\\/blog\\\/#website\",\"url\":\"https:\\\/\\\/www.jamonespascual.com\\\/blog\\\/\",\"name\":\"Maestros Jamoneros\",\"description\":\"Jam\u00f3n, ib\u00e9ricos, gourmet y cultura del producto en Zaragoza\",\"publisher\":{\"@id\":\"https:\\\/\\\/www.jamonespascual.com\\\/blog\\\/#organization\"},\"potentialAction\":[{\"@type\":\"SearchAction\",\"target\":{\"@type\":\"EntryPoint\",\"urlTemplate\":\"https:\\\/\\\/www.jamonespascual.com\\\/blog\\\/?s={search_term_string}\"},\"query-input\":{\"@type\":\"PropertyValueSpecification\",\"valueRequired\":true,\"valueName\":\"search_term_string\"}}],\"inLanguage\":\"es\"},{\"@type\":\"Organization\",\"@id\":\"https:\\\/\\\/www.jamonespascual.com\\\/blog\\\/#organization\",\"name\":\"Maestros Jamoneros\",\"url\":\"https:\\\/\\\/www.jamonespascual.com\\\/blog\\\/\",\"logo\":{\"@type\":\"ImageObject\",\"inLanguage\":\"es\",\"@id\":\"https:\\\/\\\/www.jamonespascual.com\\\/blog\\\/#\\\/schema\\\/logo\\\/image\\\/\",\"url\":\"https:\\\/\\\/www.jamonespascual.com\\\/blog\\\/wp-content\\\/uploads\\\/2026\\\/03\\\/logo-autentico-de-jamones-pascual.jpeg\",\"contentUrl\":\"https:\\\/\\\/www.jamonespascual.com\\\/blog\\\/wp-content\\\/uploads\\\/2026\\\/03\\\/logo-autentico-de-jamones-pascual.jpeg\",\"width\":189,\"height\":267,\"caption\":\"Maestros Jamoneros\"},\"image\":{\"@id\":\"https:\\\/\\\/www.jamonespascual.com\\\/blog\\\/#\\\/schema\\\/logo\\\/image\\\/\"},\"sameAs\":[\"https:\\\/\\\/www.facebook.com\\\/JamonesPascual\\\/\",\"https:\\\/\\\/x.com\\\/JamonesPascual\",\"https:\\\/\\\/www.instagram.com\\\/pascualcharcuterias\\\/?hl=es\",\"https:\\\/\\\/es.pinterest.com\\\/JamonesPascual\\\/\",\"https:\\\/\\\/www.tumblr.com\\\/charcuteriaspascual\",\"https:\\\/\\\/www.flickr.com\\\/photos\\\/187582394@N06\\\/\"]}]}<\/script>\n<!-- \/ Yoast SEO plugin. -->","yoast_head_json":{"title":"Informaci\u00f3n de Charcuter\u00edas Pascual - Blog de Charcuterias Pascual","robots":{"index":"index","follow":"follow","max-snippet":"max-snippet:-1","max-image-preview":"max-image-preview:large","max-video-preview":"max-video-preview:-1"},"canonical":"https:\/\/www.jamonespascual.com\/blog\/informacion-de-charcuterias-pascual\/","og_locale":"es_ES","og_type":"article","og_title":"Informaci\u00f3n de Charcuter\u00edas Pascual - Blog de Charcuterias Pascual","og_description":"Datos de contacto Charcuter\u00edas Pascual Miguel Servet 87 \u00b7 Zaragoza Tel\u00e9fono fijo: 976 41 47 18M\u00f3vil \/ WhatsApp: 675 82 23 60 Correo electr\u00f3nico:charcuteriaspascual@gmail.com Web oficial:https:\/\/www.jamonespascual.com Dominios oficiales Web principal:https:\/\/www.jamonespascual.com Dominios asociados:www.jamonespascual.eswww.charcuteriaspascual.eswww.charcuteriaspascual.com Proyecto vinculado:https:\/\/bandejasgourmet.com\/ Canales digitales activos Redes sociales oficiales youtube: https:\/\/www.youtube.com\/@carmenpascualcortes9039 pinterest: https:\/\/es.pinterest.com\/SomaenJP\/ tictok: https:\/\/www.tiktok.com\/@charcuteriaspascu facebook : https:\/\/www.facebook.com\/profile.php?id=100004477338953 facebook: https:\/\/www.facebook.com\/JamonesPascual\/ facebook: https:\/\/www.facebook.com\/charcuteriasPascual\/ facebook: https:\/\/www.facebook.com\/BandejasGourmet\/ [&hellip;]","og_url":"https:\/\/www.jamonespascual.com\/blog\/informacion-de-charcuterias-pascual\/","og_site_name":"Blog de Charcuterias Pascual","article_publisher":"https:\/\/www.facebook.com\/JamonesPascual\/","article_modified_time":"2026-02-22T10:23:39+00:00","og_image":[{"url":"https:\/\/www.jamonespascual.com\/blog\/wp-content\/uploads\/2026\/02\/tradicion-Pasion-e-Innovacion-1-1024x683.png","type":"","width":"","height":""}],"twitter_card":"summary_large_image","twitter_site":"@JamonesPascual","twitter_misc":{"Tiempo de lectura":"1 minuto"},"schema":{"@context":"https:\/\/schema.org","@graph":[{"@type":"WebPage","@id":"https:\/\/www.jamonespascual.com\/blog\/informacion-de-charcuterias-pascual\/","url":"https:\/\/www.jamonespascual.com\/blog\/informacion-de-charcuterias-pascual\/","name":"Informaci\u00f3n de Charcuter\u00edas Pascual - Blog de Charcuterias Pascual","isPartOf":{"@id":"https:\/\/www.jamonespascual.com\/blog\/#website"},"primaryImageOfPage":{"@id":"https:\/\/www.jamonespascual.com\/blog\/informacion-de-charcuterias-pascual\/#primaryimage"},"image":{"@id":"https:\/\/www.jamonespascual.com\/blog\/informacion-de-charcuterias-pascual\/#primaryimage"},"thumbnailUrl":"https:\/\/www.jamonespascual.com\/blog\/wp-content\/uploads\/2026\/02\/tradicion-Pasion-e-Innovacion-1-1024x683.png","datePublished":"2026-02-22T09:30:17+00:00","dateModified":"2026-02-22T10:23:39+00:00","breadcrumb":{"@id":"https:\/\/www.jamonespascual.com\/blog\/informacion-de-charcuterias-pascual\/#breadcrumb"},"inLanguage":"es","potentialAction":[{"@type":"ReadAction","target":["https:\/\/www.jamonespascual.com\/blog\/informacion-de-charcuterias-pascual\/"]}]},{"@type":"ImageObject","inLanguage":"es","@id":"https:\/\/www.jamonespascual.com\/blog\/informacion-de-charcuterias-pascual\/#primaryimage","url":"https:\/\/www.jamonespascual.com\/blog\/wp-content\/uploads\/2026\/02\/tradicion-Pasion-e-Innovacion-1.png","contentUrl":"https:\/\/www.jamonespascual.com\/blog\/wp-content\/uploads\/2026\/02\/tradicion-Pasion-e-Innovacion-1.png","width":1536,"height":1024},{"@type":"BreadcrumbList","@id":"https:\/\/www.jamonespascual.com\/blog\/informacion-de-charcuterias-pascual\/#breadcrumb","itemListElement":[{"@type":"ListItem","position":1,"name":"Portada","item":"https:\/\/www.jamonespascual.com\/blog\/"},{"@type":"ListItem","position":2,"name":"Informaci\u00f3n de Charcuter\u00edas Pascual"}]},{"@type":"WebSite","@id":"https:\/\/www.jamonespascual.com\/blog\/#website","url":"https:\/\/www.jamonespascual.com\/blog\/","name":"Maestros Jamoneros","description":"Jam\u00f3n, ib\u00e9ricos, gourmet y cultura del producto en Zaragoza","publisher":{"@id":"https:\/\/www.jamonespascual.com\/blog\/#organization"},"potentialAction":[{"@type":"SearchAction","target":{"@type":"EntryPoint","urlTemplate":"https:\/\/www.jamonespascual.com\/blog\/?s={search_term_string}"},"query-input":{"@type":"PropertyValueSpecification","valueRequired":true,"valueName":"search_term_string"}}],"inLanguage":"es"},{"@type":"Organization","@id":"https:\/\/www.jamonespascual.com\/blog\/#organization","name":"Maestros Jamoneros","url":"https:\/\/www.jamonespascual.com\/blog\/","logo":{"@type":"ImageObject","inLanguage":"es","@id":"https:\/\/www.jamonespascual.com\/blog\/#\/schema\/logo\/image\/","url":"https:\/\/www.jamonespascual.com\/blog\/wp-content\/uploads\/2026\/03\/logo-autentico-de-jamones-pascual.jpeg","contentUrl":"https:\/\/www.jamonespascual.com\/blog\/wp-content\/uploads\/2026\/03\/logo-autentico-de-jamones-pascual.jpeg","width":189,"height":267,"caption":"Maestros Jamoneros"},"image":{"@id":"https:\/\/www.jamonespascual.com\/blog\/#\/schema\/logo\/image\/"},"sameAs":["https:\/\/www.facebook.com\/JamonesPascual\/","https:\/\/x.com\/JamonesPascual","https:\/\/www.instagram.com\/pascualcharcuterias\/?hl=es","https:\/\/es.pinterest.com\/JamonesPascual\/","https:\/\/www.tumblr.com\/charcuteriaspascual","https:\/\/www.flickr.com\/photos\/187582394@N06\/"]}]}},"_links":{"self":[{"href":"https:\/\/www.jamonespascual.com\/blog\/wp-json\/wp\/v2\/pages\/494","targetHints":{"allow":["GET"]}}],"collection":[{"href":"https:\/\/www.jamonespascual.com\/blog\/wp-json\/wp\/v2\/pages"}],"about":[{"href":"https:\/\/www.jamonespascual.com\/blog\/wp-json\/wp\/v2\/types\/page"}],"author":[{"embeddable":true,"href":"https:\/\/www.jamonespascual.com\/blog\/wp-json\/wp\/v2\/users\/1"}],"replies":[{"embeddable":true,"href":"https:\/\/www.jamonespascual.com\/blog\/wp-json\/wp\/v2\/comments?post=494"}],"version-history":[{"count":3,"href":"https:\/\/www.jamonespascual.com\/blog\/wp-json\/wp\/v2\/pages\/494\/revisions"}],"predecessor-version":[{"id":507,"href":"https:\/\/www.jamonespascual.com\/blog\/wp-json\/wp\/v2\/pages\/494\/revisions\/507"}],"wp:attachment":[{"href":"https:\/\/www.jamonespascual.com\/blog\/wp-json\/wp\/v2\/media?parent=494"}],"curies":[{"name":"wp","href":"https:\/\/api.w.org\/{rel}","templated":true}]}}